{"id":1310,"date":"2018-06-08T10:19:35","date_gmt":"2018-06-08T10:19:35","guid":{"rendered":"http:\/\/playerx.edge-themes.com\/?page_id=1310"},"modified":"2022-09-23T11:54:00","modified_gmt":"2022-09-23T09:54:00","slug":"securite-et-reglementation","status":"publish","type":"page","link":"https:\/\/www.animasia.org\/le-haillan\/securite-et-reglementation\/","title":{"rendered":"S\u00e9curit\u00e9 et r\u00e8glementation"},"content":{"rendered":"<section class=\"wpb-content-wrapper\"><p>[vc_row css=\u00a0\u00bb.vc_custom_1619194214349{background-image: url(https:\/\/www.animasia.org\/le-haillan\/wp-content\/uploads\/sites\/2\/2021\/04\/ALH21_Couverture_web-page-interieur-1.jpg?id=5397) !important;background-position: center !important;background-repeat: no-repeat !important;background-size: cover !important;}\u00a0\u00bb][vc_column css=\u00a0\u00bb.vc_custom_1619194249112{padding-top: 0px !important;padding-bottom: 0px !important;}\u00a0\u00bb][vc_empty_space height=\u00a0\u00bb30px\u00a0\u00bb][vc_column_text]<\/p>\n<h1 style=\"text-align: center;\">Ne vous laissez pas tenter pas le c\u00f4t\u00e9 obscur de la force<\/h1>\n<p>[\/vc_column_text][vc_empty_space height=\u00a0\u00bb30px\u00a0\u00bb][\/vc_column][\/vc_row][vc_row row_content_width=\u00a0\u00bbgrid\u00a0\u00bb css=\u00a0\u00bb.vc_custom_1542878885028{padding-top: 140px !important;padding-bottom: 140px !important;}\u00a0\u00bb][vc_column][vc_column_text]<\/p>\n<h2 style=\"text-align: center; color: #c1232c; margin-bottom: 0px;\">S\u00e9curit\u00e9 et Objets interdits<\/h2>\n<p>[\/vc_column_text][vc_empty_space height=\u00a0\u00bb30px\u00a0\u00bb]<div class=\"edgtf-accordion-holder edgtf-ac-default interdit-faq edgtf-accordion edgtf-ac-boxed  clearfix\">\n\t<p class=\"edgtf-accordion-title\">\n\t<span class=\"edgtf-tab-title\">Important<\/span>\n    <span class=\"edgtf-accordion-mark\">\n\t\t<span class=\"edgtf_icon_plus icon_plus\"><\/span>\n\t<\/span>\n<\/p>\n<div class=\"edgtf-accordion-content\">\n\t<div class=\"edgtf-accordion-content-inner\">\n\t\t[vc_column_text]<span style=\"color: #ffffff;\">Depuis la mise en place du plan Vigipirate, nous sommes dans l\u2019obligation de renforcer la s\u00e9curit\u00e9 sur nos \u00e9v\u00e9nements. Mais nous ne sommes pas seuls et sans vous l\u2019\u00e9v\u00e9nement n\u2019existerait pas, c\u2019est pourquoi nous vous avons pr\u00e9par\u00e9 une liste des objets que vous pouvez emmener et ceux qu\u2019il serait pr\u00e9f\u00e9rable de laisser chez vous.<\/span><\/p>\n<p><span style=\"color: #ffffff;\">On a fait ce r\u00e8glement armes et masques plus complet possible pour vous. Mais seuls les agents de s\u00e9curit\u00e9 seront en mesure de juger de la dangerosit\u00e9 de vos \u00e9quipements et de votre mat\u00e9riel.<\/span>[\/vc_column_text]\t<\/div>\n<\/div><p class=\"edgtf-accordion-title\">\n\t<span class=\"edgtf-tab-title\">Objets m\u00e9talliques<\/span>\n    <span class=\"edgtf-accordion-mark\">\n\t\t<span class=\"edgtf_icon_plus icon_plus\"><\/span>\n\t<\/span>\n<\/p>\n<div class=\"edgtf-accordion-content\">\n\t<div class=\"edgtf-accordion-content-inner\">\n\t\t[vc_column_text]<\/p>\n<div class=\"vc_row wpb_row vc_row-fluid\">\n<div class=\"wpb_column vc_column_container vc_col-sm-12\">\n<div class=\"vc_column-inner\">\n<div class=\"wpb_wrapper\">\n<div class=\"wpb_text_column wpb_content_element \">\n<div class=\"wpb_wrapper\">\n<p><span style=\"color: #ffffff;\">Tout objet en m\u00e9tal est interdit, cependant, certains objets (ex : boucle de ceinture) seront autoris\u00e9s \u00e0 l\u2019unique appr\u00e9ciation de l\u2019agent de s\u00e9curit\u00e9.<\/span><\/p>\n<\/div>\n<\/div>\n<\/div>\n<\/div>\n<\/div>\n<\/div>\n<div class=\"vc_row wpb_row vc_row-fluid\">\n<div class=\"wpb_column vc_column_container vc_col-sm-6\">\n<div class=\"vc_column-inner\">\n<div class=\"wpb_wrapper\"><\/div>\n<\/div>\n<\/div>\n<\/div>\n<p>[\/vc_column_text]\t<\/div>\n<\/div><\/div>[\/vc_column][\/vc_row][vc_row row_content_width=\u00a0\u00bbgrid\u00a0\u00bb css=\u00a0\u00bb.vc_custom_1542878921290{padding-top: 60px !important;padding-bottom: 60px !important;}\u00a0\u00bb][vc_column][vc_column_text]<\/p>\n<h2 style=\"text-align: center; color: #c1232c; margin-bottom: 0px;\">S\u00e9curit\u00e9 et Objets interdits<\/h2>\n<p>[\/vc_column_text][vc_empty_space height=\u00a0\u00bb50px\u00a0\u00bb]<div class=\"edgtf-accordion-holder edgtf-ac-default interdit-faq edgtf-accordion edgtf-ac-boxed  clearfix\">\n\t<p class=\"edgtf-accordion-title\">\n\t<span class=\"edgtf-tab-title\">Boissons et contenants<\/span>\n    <span class=\"edgtf-accordion-mark\">\n\t\t<span class=\"edgtf_icon_plus icon_plus\"><\/span>\n\t<\/span>\n<\/p>\n<div class=\"edgtf-accordion-content\">\n\t<div class=\"edgtf-accordion-content-inner\">\n\t\t[vc_row_inner][vc_column_inner width=\u00a0\u00bb1\/2&Prime;][vc_column_text]<\/p>\n<h5><span style=\"color: #ffffff;\">Les Interdits<\/span><\/h5>\n<ul>\n<li>Les Bouteilles en verres de toutes tailles<\/li>\n<li>Les verres et les objets en verre<\/li>\n<li>Les boissons contenant de l\u2019alcool<\/li>\n<li>Les bouteilles en plastique de plus de 0.5 L<\/li>\n<\/ul>\n<p>[\/vc_column_text][\/vc_column_inner][vc_column_inner width=\u00a0\u00bb1\/2&Prime;][vc_column_text]<\/p>\n<h5 style=\"color: #c1232c;\"><span style=\"color: #ffffff;\">Les Autoris\u00e9s<\/span><\/h5>\n<ul>\n<li>Les bouteilles en plastique de moins de 0.5 L<\/li>\n<\/ul>\n<p>[\/vc_column_text][\/vc_column_inner][\/vc_row_inner]\t<\/div>\n<\/div><p class=\"edgtf-accordion-title\">\n\t<span class=\"edgtf-tab-title\">Accessoires<\/span>\n    <span class=\"edgtf-accordion-mark\">\n\t\t<span class=\"edgtf_icon_plus icon_plus\"><\/span>\n\t<\/span>\n<\/p>\n<div class=\"edgtf-accordion-content\">\n\t<div class=\"edgtf-accordion-content-inner\">\n\t\t[vc_row_inner][vc_column_inner width=\u00a0\u00bb1\/2&Prime;][vc_column_text]<\/p>\n<h5 style=\"color: #c1232c;\"><span style=\"color: #ffffff;\">Les Interdits<\/span><\/h5>\n<ul>\n<li>Parapluies non r\u00e9tractables \/ Ombrelles<\/li>\n<li>Les casques de moto<\/li>\n<li>Les perches \u00e0 selfies, les tr\u00e9pieds<\/li>\n<li>Les instruments sonores pouvant nuire \u00e0 l\u2019environnement<\/li>\n<\/ul>\n<p>[\/vc_column_text][\/vc_column_inner][vc_column_inner width=\u00a0\u00bb1\/2&Prime;][vc_column_text]<\/p>\n<h5 style=\"color: #c1232c;\"><span style=\"color: #ffffff;\">Les Autoris\u00e9s<\/span><\/h5>\n<ul>\n<li>Les parapluies r\u00e9tractables<\/li>\n<li>Les appareils photos, ordinateurs portables et tablettes<\/li>\n<li>Les autres \u00e9quipements motos<\/li>\n<\/ul>\n<p>[\/vc_column_text][\/vc_column_inner][\/vc_row_inner]\t<\/div>\n<\/div><p class=\"edgtf-accordion-title\">\n\t<span class=\"edgtf-tab-title\">Armes et R\u00e9publiques d&#039;armes<\/span>\n    <span class=\"edgtf-accordion-mark\">\n\t\t<span class=\"edgtf_icon_plus icon_plus\"><\/span>\n\t<\/span>\n<\/p>\n<div class=\"edgtf-accordion-content\">\n\t<div class=\"edgtf-accordion-content-inner\">\n\t\t[vc_row_inner][vc_column_inner width=\u00a0\u00bb1\/2&Prime;][vc_column_text]<\/p>\n<h5 style=\"color: #c1232c;\"><span style=\"color: #ffffff;\">Les Interdits<\/span><\/h5>\n<ul>\n<li>Les armes r\u00e9elles<\/li>\n<li>Les armes factices ayant une ressemblance incontestable avec une arme r\u00e9elle<\/li>\n<li>Les munitions<\/li>\n<li>Les objets contenant une lame aiguis\u00e9e ou non<\/li>\n<li>Les objets coupants<\/li>\n<li>Les uniformes similaires \u00e0 ceux des brigades d\u2019intervention<\/li>\n<li>Les objets contondants susceptibles de d\u00e9truire ou de blesser quelqu\u2019un<\/li>\n<\/ul>\n<p>[\/vc_column_text][\/vc_column_inner][vc_column_inner width=\u00a0\u00bb1\/2&Prime;][vc_column_text]<\/p>\n<h5 style=\"color: #c1232c;\"><span style=\"color: #ffffff;\">Les Autoris\u00e9s<\/span><\/h5>\n<ul>\n<li>Les armes de type fantaisie<\/li>\n<li>Les armes sans ressemblance avec des armes r\u00e9elles<\/li>\n<\/ul>\n<p>[\/vc_column_text][\/vc_column_inner][\/vc_row_inner]\t<\/div>\n<\/div><p class=\"edgtf-accordion-title\">\n\t<span class=\"edgtf-tab-title\">Les V\u00e9hicules<\/span>\n    <span class=\"edgtf-accordion-mark\">\n\t\t<span class=\"edgtf_icon_plus icon_plus\"><\/span>\n\t<\/span>\n<\/p>\n<div class=\"edgtf-accordion-content\">\n\t<div class=\"edgtf-accordion-content-inner\">\n\t\t[vc_row_inner][vc_column_inner width=\u00a0\u00bb1\/2&Prime;][vc_column_text]<\/p>\n<h5 style=\"color: #c1232c;\"><span style=\"color: #ffffff;\">Les Interdits<\/span><\/h5>\n<ul>\n<li>Les v\u00e9hicules motoris\u00e9s (hoverboard, etc.)<\/li>\n<li>Les v\u00e9hicules non motoris\u00e9s (skateboard, etc.)<\/li>\n<li>Les \u00e9chasses de plus de 30 cm<\/li>\n<li>Les reproductions de v\u00e9hicules trop imposants<\/li>\n<li>Les uniformes similaires \u00e0 ceux des brigades d\u2019intervention<\/li>\n<li>Les objets contondants susceptibles de d\u00e9truire ou de blesser quelqu\u2019un<\/li>\n<\/ul>\n<p>[\/vc_column_text][\/vc_column_inner][vc_column_inner width=\u00a0\u00bb1\/2&Prime;][vc_column_text]<\/p>\n<h5 style=\"color: #c1232c;\"><span style=\"color: #ffffff;\">Les Autoris\u00e9s<\/span><\/h5>\n<ul>\n<li>Les reproductions de v\u00e9hicules en mat\u00e9riaux souples.<\/li>\n<\/ul>\n<p>[\/vc_column_text][\/vc_column_inner][\/vc_row_inner]\t<\/div>\n<\/div><\/div>[\/vc_column][\/vc_row][vc_row row_content_width=\u00a0\u00bbgrid\u00a0\u00bb][vc_column css=\u00a0\u00bb.vc_custom_1544626312038{padding-top: 50px !important;padding-bottom: 50px !important;}\u00a0\u00bb][vc_column_text]<\/p>\n<h5 style=\"text-align: center; color: #c1232c; margin-bottom: 0px;\">Les cons\u00e9quences<\/h5>\n<p style=\"text-align: center;\">Si les consignes indiqu\u00e9es ci-dessus ne sont pas respect\u00e9es, vos objets pourraient vous \u00eatre confisqu\u00e9s et dans le pire des cas, vous nous verrez dans l\u2019obligation de vous refuser l\u2019acc\u00e8s \u00e0 l\u2019\u00e9v\u00e9nement.<br \/>\nTout objet non autoris\u00e9 dissimul\u00e9 et d\u00e9couvert apr\u00e8s le passage de la s\u00e9curit\u00e9 entrainera l\u2019exclusion d\u00e9finitive du festival.<br \/>\nMerci de votre compr\u00e9hension, l\u2019\u00e9v\u00e9nement est beaucoup trop bien pour que vous vous emp\u00eachiez d\u2019y participer.<br \/>\nSi vous avez un doute sur le contenu du r\u00e8glement armes et masques, n\u2019h\u00e9sitez pas \u00e0 nous \u00e9crire ! Merci de votre compr\u00e9hension et bon festival \u00e0 tous !<\/p>\n<p>[\/vc_column_text][\/vc_column][\/vc_row]<\/p>\n<\/section>","protected":false},"excerpt":{"rendered":"<p>[vc_row css=\u00a0\u00bb.vc_custom_1619194214349{background-image: url(https:\/\/www.animasia.org\/le-haillan\/wp-content\/uploads\/sites\/2\/2021\/04\/ALH21_Couverture_web-page-interieur-1.jpg?id=5397) !important;background-position: center !important;background-repeat: no-repeat !important;background-size: cover !important;}\u00a0\u00bb][vc_column css=\u00a0\u00bb.vc_custom_1619194249112{padding-top: 0px !important;padding-bottom: 0px !important;}\u00a0\u00bb][vc_empty_space height=\u00a0\u00bb30px\u00a0\u00bb][vc_column_text] Ne vous laissez pas tenter pas le c\u00f4t\u00e9 obscur de la force [\/vc_column_text][vc_empty_space height=\u00a0\u00bb30px\u00a0\u00bb][\/vc_column][\/vc_row][vc_row row_content_width=\u00a0\u00bbgrid\u00a0\u00bb css=\u00a0\u00bb.vc_custom_1542878885028{padding-top: 140px !important;padding-bottom: 140px !important;}\u00a0\u00bb][vc_column][vc_column_text] S\u00e9curit\u00e9 et Objets interdits [&hellip;]<\/p>\n","protected":false},"author":1,"featured_media":5139,"parent":0,"menu_order":0,"comment_status":"closed","ping_status":"closed","template":"full-width.php","meta":[],"_links":{"self":[{"href":"https:\/\/www.animasia.org\/le-haillan\/wp-json\/wp\/v2\/pages\/1310"}],"collection":[{"href":"https:\/\/www.animasia.org\/le-haillan\/wp-json\/wp\/v2\/pages"}],"about":[{"href":"https:\/\/www.animasia.org\/le-haillan\/wp-json\/wp\/v2\/types\/page"}],"author":[{"embeddable":true,"href":"https:\/\/www.animasia.org\/le-haillan\/wp-json\/wp\/v2\/users\/1"}],"replies":[{"embeddable":true,"href":"https:\/\/www.animasia.org\/le-haillan\/wp-json\/wp\/v2\/comments?post=1310"}],"version-history":[{"count":4,"href":"https:\/\/www.animasia.org\/le-haillan\/wp-json\/wp\/v2\/pages\/1310\/revisions"}],"predecessor-version":[{"id":5726,"href":"https:\/\/www.animasia.org\/le-haillan\/wp-json\/wp\/v2\/pages\/1310\/revisions\/5726"}],"wp:featuredmedia":[{"embeddable":true,"href":"https:\/\/www.animasia.org\/le-haillan\/wp-json\/wp\/v2\/media\/5139"}],"wp:attachment":[{"href":"https:\/\/www.animasia.org\/le-haillan\/wp-json\/wp\/v2\/media?parent=1310"}],"curies":[{"name":"wp","href":"https:\/\/api.w.org\/{rel}","templated":true}]}}