{"id":5430,"date":"2021-04-20T15:45:40","date_gmt":"2021-04-20T13:45:40","guid":{"rendered":"https:\/\/www.animasia.org\/le-haillan\/?page_id=5430"},"modified":"2022-02-23T11:35:47","modified_gmt":"2022-02-23T10:35:47","slug":"conferences","status":"publish","type":"page","link":"https:\/\/www.animasia.org\/le-haillan\/conferences\/","title":{"rendered":"Conf\u00e9rences"},"content":{"rendered":"<section class=\"wpb-content-wrapper\"><p>[vc_row full_width=\u00a0\u00bbstretch_row_content_no_spaces\u00a0\u00bb content_placement=\u00a0\u00bbmiddle\u00a0\u00bb content_text_aligment=\u00a0\u00bbcenter\u00a0\u00bb css=\u00a0\u00bb.vc_custom_1618926376991{margin-top: 0px !important;margin-right: 0px !important;margin-bottom: 0px !important;margin-left: 0px !important;padding-top: 0px !important;padding-right: 0px !important;padding-bottom: 0px !important;padding-left: 0px !important;background-image: url(https:\/\/www.animasia.org\/le-haillan\/wp-content\/uploads\/sites\/2\/2021\/04\/ALH21_Couverture_web-page-interieur-1.jpg?id=5397) !important;background-position: center !important;background-repeat: no-repeat !important;background-size: cover !important;}\u00a0\u00bb][vc_column css=\u00a0\u00bb.vc_custom_1618926367052{padding-top: 0px !important;padding-right: 0px !important;padding-bottom: 0px !important;padding-left: 0px !important;}\u00a0\u00bb][vc_empty_space height=\u00a0\u00bb30px\u00a0\u00bb][vc_column_text css=\u00a0\u00bb.vc_custom_1645002689620{padding-top: 0px !important;}\u00a0\u00bb]<\/p>\n<h1 style=\"text-align: center;\">Conf\u00e9rences<\/h1>\n<p>[\/vc_column_text][vc_empty_space height=\u00a0\u00bb50px\u00a0\u00bb][\/vc_column][\/vc_row][vc_row row_content_width=\u00a0\u00bbgrid\u00a0\u00bb][vc_column][vc_empty_space height=\u00a0\u00bb30px\u00a0\u00bb][vc_column_text]<\/p>\n<p style=\"text-align: center;\">Pour les petits, pour les grands, pour les familles, pour les\u00a0otakus, pour les robots, il y en aura pour tout le monde !<\/p>\n<p>[\/vc_column_text][vc_empty_space height=\u00a0\u00bb30px\u00a0\u00bb][\/vc_column][\/vc_row][vc_row][vc_column width=\u00a0\u00bb1\/2&Prime;][vc_single_image image=\u00a0\u00bb5626&Prime; img_size=\u00a0\u00bbfull\u00a0\u00bb][\/vc_column][vc_column width=\u00a0\u00bb1\/2&Prime;][vc_column_text]<span style=\"font-size: 14pt;\"><strong>SALLE DE CONFERENCES<\/strong><\/span>[\/vc_column_text][vc_empty_space height=\u00a0\u00bb30px\u00a0\u00bb][vc_column_text]Tant\u00f4t dans la biblioth\u00e8que, et maintenant dans une salle enti\u00e8rement d\u00e9di\u00e9e et deux fois plus grandes, les conf\u00e9rences ont toujours fait partie int\u00e9grante de la programmation d&rsquo;Animasia : le Haillan. Retrouvez nos intervenants et d\u00e9battez avec eux autours de th\u00e9matiques oscillant entre pop culture, traditions, d\u00e9couvertes, mangas, kpop, anim\u00e9s et bien d&rsquo;autres.[\/vc_column_text][\/vc_column][\/vc_row][vc_row][vc_column][vc_empty_space height=\u00a0\u00bb30px\u00a0\u00bb][vc_separator color=\u00a0\u00bbcustom\u00a0\u00bb accent_color=\u00a0\u00bb#f3c3c4&Prime;][vc_empty_space height=\u00a0\u00bb30px\u00a0\u00bb][vc_column_text]<\/p>\n<p style=\"text-align: center;\"><span style=\"font-size: 24pt;\"><strong>CONFERENCES DU SAMEDI 23 AVRIL 2022<\/strong><\/span><\/p>\n<p>[\/vc_column_text][vc_empty_space height=\u00a0\u00bb30px\u00a0\u00bb][vc_row_inner css=\u00a0\u00bb.vc_custom_1645003531036{background-color: #f4f4f4 !important;}\u00a0\u00bb][vc_column_inner width=\u00a0\u00bb1\/4&Prime;][vc_empty_space height=\u00a0\u00bb20px\u00a0\u00bb][vc_single_image image=\u00a0\u00bb5652&Prime; img_size=\u00a0\u00bbfull\u00a0\u00bb][vc_empty_space height=\u00a0\u00bb40px\u00a0\u00bb][\/vc_column_inner][vc_column_inner width=\u00a0\u00bb3\/4&Prime;][vc_column_text]<span style=\"font-size: 18pt;\"><strong><span style=\"color: #466a3b;\">13h00 &#8211; 13h45<\/span><\/strong><\/span><\/p>\n<p><span style=\"font-size: 14pt;\"><b>Les figures <\/b><b>Horrifiques<\/b><b> et les Yoka\u00ef dans les <\/b><b>\u0153uvres<\/b><b> de Miyazaki<\/b><\/span>[\/vc_column_text][vc_column_text]Avec D\u00e9borah Blain, explorez les figures horrifiques et les yokai qui ont habit\u00e9s les nombreuses productions de Miyazaki.[\/vc_column_text][\/vc_column_inner][\/vc_row_inner][vc_empty_space height=\u00a0\u00bb30px\u00a0\u00bb][vc_row_inner css=\u00a0\u00bb.vc_custom_1645003538395{background-color: #f4f4f4 !important;}\u00a0\u00bb][vc_column_inner width=\u00a0\u00bb1\/4&Prime;][vc_empty_space height=\u00a0\u00bb20px\u00a0\u00bb][vc_single_image image=\u00a0\u00bb5651&Prime; img_size=\u00a0\u00bbfull\u00a0\u00bb][vc_empty_space height=\u00a0\u00bb40px\u00a0\u00bb][\/vc_column_inner][vc_column_inner width=\u00a0\u00bb3\/4&Prime;][vc_column_text]<span style=\"font-size: 18pt;\"><strong><span style=\"color: #466a3b;\">14h00 &#8211; 14h45<\/span><\/strong><\/span><\/p>\n<p><span style=\"font-size: 14pt;\"><b>L&rsquo;animation et les enjeux de l&rsquo;adaptation<\/b><\/span>[\/vc_column_text][vc_column_text]Fleepyz sur Youtube mais je pr\u00e9f\u00e8re Maxime. Passionn\u00e9 de bande dessin\u00e9e (manga, comics,\u2026), je m\u00e8ne des recherches sur le march\u00e9 de la BD que j\u2019ai d\u00e9j\u00e0 pu pr\u00e9senter dans un m\u00e9moire. En parall\u00e8le, je poursuis mes \u00e9tudes \u00e0 Bordeaux afin de devenir \u00e9diteur.<\/p>\n<p>Sur YouTube, l\u2019Archipel propose des vid\u00e9os de d\u00e9couverte d\u2019univers et d\u2019analyse d\u2019\u0153uvres afin de vulgariser les grands concepts de la BD et vous faire d\u00e9couvrir de nouvelles p\u00e9pites.<\/p>\n<p>\u00c0 l\u2019occasion de cette \u00e9dition d\u00e9di\u00e9e \u00e0 Miyazaki, je vous propose une conf\u00e9rence sur l\u2019animation et les enjeux d\u2019une adaptation.[\/vc_column_text][\/vc_column_inner][\/vc_row_inner][vc_empty_space height=\u00a0\u00bb30px\u00a0\u00bb][vc_row_inner css=\u00a0\u00bb.vc_custom_1645003538395{background-color: #f4f4f4 !important;}\u00a0\u00bb][vc_column_inner width=\u00a0\u00bb1\/4&Prime;][vc_empty_space height=\u00a0\u00bb20px\u00a0\u00bb][vc_single_image image=\u00a0\u00bb5669&Prime; img_size=\u00a0\u00bbfull\u00a0\u00bb][vc_empty_space height=\u00a0\u00bb40px\u00a0\u00bb][\/vc_column_inner][vc_column_inner width=\u00a0\u00bb3\/4&Prime;][vc_column_text]<span style=\"font-size: 18pt;\"><strong><span style=\"color: #466a3b;\">16h00-16h45<\/span><\/strong><\/span><\/p>\n<p><span style=\"font-size: 14pt;\"><b>Nintendo Switch, quel bilan au bout de 5 ans ?\u00a0<\/b><\/span>[\/vc_column_text][vc_column_text]Mister Flech est vid\u00e9aste depuis plus de 8 ans sur YouTube et parle principalement de jeux vid\u00e9o et de Nintendo sur sa cha\u00eene. Il est notamment accompagn\u00e9 de sa mascotte canine Hermine dans sa s\u00e9rie principale \u00ab\u00a0Reset System\u00a0\u00bb et anime d&rsquo;autres formats tels que \u00ab\u00a0Wrecking Games\u00a0\u00bb ou \u00ab\u00a0Point Nintendo\u00a0\u00bb.<\/p>\n<p>Sortie en mars 2017, la Switch vient r\u00e9cemment de f\u00eater ses 5 ans d&rsquo;existence et cumule d\u00e9j\u00e0 plus de 100 millions de ventes. Retour sur ses d\u00e9buts, son succ\u00e8s, et l&rsquo;avenir qui lui est r\u00e9serv\u00e9.[\/vc_column_text][\/vc_column_inner][\/vc_row_inner][vc_empty_space height=\u00a0\u00bb30px\u00a0\u00bb][\/vc_column][\/vc_row][vc_row full_width=\u00a0\u00bbstretch_row_content_no_spaces\u00a0\u00bb css=\u00a0\u00bb.vc_custom_1619105205474{background-color: #6eb380 !important;}\u00a0\u00bb][vc_column][vc_row_inner equal_height=\u00a0\u00bbyes\u00a0\u00bb content_placement=\u00a0\u00bbmiddle\u00a0\u00bb row_content_width=\u00a0\u00bbgrid\u00a0\u00bb css=\u00a0\u00bb.vc_custom_1619105056799{background-color: #6eb380 !important;}\u00a0\u00bb][vc_column_inner width=\u00a0\u00bb3\/5&Prime;][vc_column_text][sibwp_form id=2][\/vc_column_text][\/vc_column_inner][vc_column_inner width=\u00a0\u00bb1\/5&Prime; offset=\u00a0\u00bbvc_hidden-sm vc_col-xs-12 vc_hidden-xs\u00a0\u00bb][vc_column_text]<\/p>\n<h4>SUIVEZ-NOUS<\/h4>\n<p>[\/vc_column_text][\/vc_column_inner][vc_column_inner width=\u00a0\u00bb1\/5&Prime; offset=\u00a0\u00bbvc_hidden-sm vc_col-xs-12 vc_hidden-xs\u00a0\u00bb][vc_widget_sidebar sidebar_id=\u00a0\u00bbrs\u00a0\u00bb][\/vc_column_inner][\/vc_row_inner][vc_empty_space height=\u00a0\u00bb50px\u00a0\u00bb][\/vc_column][\/vc_row]<\/p>\n<\/section>","protected":false},"excerpt":{"rendered":"<p>[vc_row full_width=\u00a0\u00bbstretch_row_content_no_spaces\u00a0\u00bb content_placement=\u00a0\u00bbmiddle\u00a0\u00bb content_text_aligment=\u00a0\u00bbcenter\u00a0\u00bb css=\u00a0\u00bb.vc_custom_1618926376991{margin-top: 0px !important;margin-right: 0px !important;margin-bottom: 0px !important;margin-left: 0px !important;padding-top: 0px !important;padding-right: 0px !important;padding-bottom: 0px !important;padding-left: 0px !important;background-image: url(https:\/\/www.animasia.org\/le-haillan\/wp-content\/uploads\/sites\/2\/2021\/04\/ALH21_Couverture_web-page-interieur-1.jpg?id=5397) !important;background-position: center !important;background-repeat: no-repeat !important;background-size: cover !important;}\u00a0\u00bb][vc_column css=\u00a0\u00bb.vc_custom_1618926367052{padding-top: 0px !important;padding-right: 0px !important;padding-bottom: 0px !important;padding-left: 0px !important;}\u00a0\u00bb][vc_empty_space height=\u00a0\u00bb30px\u00a0\u00bb][vc_column_text css=\u00a0\u00bb.vc_custom_1645002689620{padding-top: [&hellip;]<\/p>\n","protected":false},"author":4,"featured_media":0,"parent":0,"menu_order":0,"comment_status":"closed","ping_status":"closed","template":"","meta":[],"_links":{"self":[{"href":"https:\/\/www.animasia.org\/le-haillan\/wp-json\/wp\/v2\/pages\/5430"}],"collection":[{"href":"https:\/\/www.animasia.org\/le-haillan\/wp-json\/wp\/v2\/pages"}],"about":[{"href":"https:\/\/www.animasia.org\/le-haillan\/wp-json\/wp\/v2\/types\/page"}],"author":[{"embeddable":true,"href":"https:\/\/www.animasia.org\/le-haillan\/wp-json\/wp\/v2\/users\/4"}],"replies":[{"embeddable":true,"href":"https:\/\/www.animasia.org\/le-haillan\/wp-json\/wp\/v2\/comments?post=5430"}],"version-history":[{"count":19,"href":"https:\/\/www.animasia.org\/le-haillan\/wp-json\/wp\/v2\/pages\/5430\/revisions"}],"predecessor-version":[{"id":5670,"href":"https:\/\/www.animasia.org\/le-haillan\/wp-json\/wp\/v2\/pages\/5430\/revisions\/5670"}],"wp:attachment":[{"href":"https:\/\/www.animasia.org\/le-haillan\/wp-json\/wp\/v2\/media?parent=5430"}],"curies":[{"name":"wp","href":"https:\/\/api.w.org\/{rel}","templated":true}]}}