{"id":9,"date":"2018-09-17T15:43:57","date_gmt":"2018-09-17T13:43:57","guid":{"rendered":"https:\/\/geek-festival.fr\/dewey-preprod-bgf\/?page_id=2"},"modified":"2022-03-25T13:26:10","modified_gmt":"2022-03-25T12:26:10","slug":"presse","status":"publish","type":"page","link":"https:\/\/www.animasia.org\/le-haillan\/presse\/","title":{"rendered":"Presse"},"content":{"rendered":"<section class=\"wpb-content-wrapper\"><p>[vc_row full_width=\u00a0\u00bbstretch_row_content_no_spaces\u00a0\u00bb content_placement=\u00a0\u00bbmiddle\u00a0\u00bb content_text_aligment=\u00a0\u00bbcenter\u00a0\u00bb css=\u00a0\u00bb.vc_custom_1619010962630{background-image: url(https:\/\/www.animasia.org\/le-haillan\/wp-content\/uploads\/sites\/2\/2021\/04\/ALH21_Couverture_web-page-interieur-1.jpg?id=5397) !important;background-position: center !important;background-repeat: no-repeat !important;background-size: cover !important;}\u00a0\u00bb][vc_column][vc_empty_space height=\u00a0\u00bb30px\u00a0\u00bb][vc_column_text css_animation=\u00a0\u00bbfadeInRight\u00a0\u00bb]<\/p>\n<h1 style=\"text-align: center;\">presse<\/h1>\n<p>[\/vc_column_text][vc_empty_space height=\u00a0\u00bb50px\u00a0\u00bb][\/vc_column][\/vc_row][vc_row row_content_width=\u00a0\u00bbgrid\u00a0\u00bb][vc_column width=\u00a0\u00bb1\/2&Prime;][vc_empty_space][vc_column_text]<\/p>\n<h2>Vous \u00eates journaliste, photographe ou encore blogueur et souhaitez participer \u00e0 l\u2019\u00e9v\u00e9nement ?<\/h2>\n<p>[\/vc_column_text][vc_column_text]<\/p>\n<p style=\"text-align: left;\">Toute la tribu de <a href=\"https:\/\/lenno.fr\/\" target=\"_blank\" rel=\"noopener noreferrer\">LENNO<\/a> vous attend pour r\u00e9pondre \u00e0 vos questions, pr\u00e9parer votre venue \u00e0 l\u2019\u00e9v\u00e9nement et \u00e0 h\u00e2te de partager avec vous cette \u00e9dition du festival Animasia le Haillan qui s\u2019annonce exceptionnelle !<\/p>\n<p style=\"text-align: left;\">Vous trouverez sur cette page l\u2019ensemble des \u00e9l\u00e9ments dont vous aurez besoin pour communiquer au mieux sur l\u2019\u00e9v\u00e9nement, sa programmation et r\u00e9aliser vos sujets.<\/p>\n<p style=\"text-align: left;\">Lorsque vous partagerez vos productions, n\u2019h\u00e9sitez pas \u00e0 nous mentionner et \u00e0 nous les envoyer par mail afin que nous puissions les int\u00e9grer \u00e0 notre revue de presse et \u00e0 les partager sur nos r\u00e9seaux sociaux\u00a0!<\/p>\n<p>[\/vc_column_text][\/vc_column][vc_column width=\u00a0\u00bb1\/2&Prime;][vc_empty_space][vc_single_image image=\u00a0\u00bb5399&Prime; img_size=\u00a0\u00bblarge\u00a0\u00bb][\/vc_column][\/vc_row][vc_row row_content_width=\u00a0\u00bbgrid\u00a0\u00bb][vc_column][vc_empty_space][vc_separator][vc_empty_space][\/vc_column][\/vc_row][vc_row row_content_width=\u00a0\u00bbgrid\u00a0\u00bb][vc_column][vc_column_text]<\/p>\n<h2>Accr\u00e9ditations<\/h2>\n<p>[\/vc_column_text][vc_empty_space][vc_column_text]Ce formulaire ne garantit pas que votre demande soit valid\u00e9e, notre service presse reviendra vers vous afin de vous confirmer ou non votre demande d\u2019accr\u00e9ditation. Un titre d\u2019acc\u00e8s est valable pour 1 personne. Un bracelet \u00ab Presse \u00bb vous sera distribu\u00e9 \u00e0 l\u2019espace Presse pendant le festival. Les accr\u00e9ditations seront d\u00e9livr\u00e9es selon la pertinence de votre m\u00e9dia et de vos r\u00e9alisations. Seuls les organisateurs du festival peuvent vous d\u00e9livrer une accr\u00e9ditation. Merci de votre compr\u00e9hension et bon festival ![\/vc_column_text][\/vc_column][\/vc_row][vc_row row_content_width=\u00a0\u00bbgrid\u00a0\u00bb content_text_aligment=\u00a0\u00bbcenter\u00a0\u00bb][vc_column][vc_empty_space][vc_column_text]<\/p>\n<h2 style=\"text-align: left;\">T\u00e9l\u00e9chargez le pack com !<\/h2>\n<p>[\/vc_column_text][vc_empty_space][vc_column_text]<\/p>\n<p style=\"text-align: left;\">Vous trouverez ici l\u2019ensemble des \u00e9l\u00e9ments visuels du festival Animasia Le Haillan 2021 : banni\u00e8res pour les r\u00e9seaux sociaux, affiche, logos, etc. Le visuel de l\u2019\u00e9dition du festival Animasia Le Haillan 2021 a \u00e9t\u00e9 r\u00e9alis\u00e9 par <a href=\"https:\/\/www.facebook.com\/KillJoyDraw\/\" target=\"_blank\" rel=\"noopener\">Elisabeth Belhache<\/a>. Merci d\u2019utiliser au maximum les \u00e9l\u00e9ments du pack communication et d\u2019\u00e9viter toutes transformations pour respecter le travail de l\u2019artiste.<\/p>\n<p style=\"text-align: left;\">Le pack communication est t\u00e9l\u00e9chargeable en .zip. Si vous souhaitez d\u2019autres \u00e9l\u00e9ments, n\u2019h\u00e9sitez pas \u00e0 nous contacter \u00e0 <a href=\"mailto:presse@lenno.fr\">presse@lenno.fr<\/a><\/p>\n<p>[\/vc_column_text][vc_empty_space]<a itemprop=\"url\" href=\"https:\/\/www.animasia.org\/le-haillan\/wp-content\/uploads\/sites\/2\/2022\/03\/PACK-COM-ALH2022.zip\" target=\"_blank\" style=\"background-color: #f3c3c4\" class=\"edgtf-btn edgtf-btn-medium edgtf-btn-solid edgtf-btn-custom-hover-bg edgtf-btn-custom-hover-color edgtf-btn-trapeze-shape\" data-hover-color=\"#f3c3c4\" data-hover-bg-color=\"#0a0a0a\" >\n            <span class=\"edgtf-btn-trapeze-left-side\" style=\"border-top-color: #f3c3c4\"><\/span>\n        <span class=\"edgtf-btn-text\">T\u00e9l\u00e9charger le pack com<\/span>\n                <span class=\"edgtf-btn-trapeze-right-side\" style=\"border-top-color: #f3c3c4\"><\/span>\n    <\/a>[vc_empty_space][\/vc_column][\/vc_row]<\/p>\n<\/section>","protected":false},"excerpt":{"rendered":"<p>[vc_row full_width=\u00a0\u00bbstretch_row_content_no_spaces\u00a0\u00bb content_placement=\u00a0\u00bbmiddle\u00a0\u00bb content_text_aligment=\u00a0\u00bbcenter\u00a0\u00bb css=\u00a0\u00bb.vc_custom_1619010962630{background-image: url(https:\/\/www.animasia.org\/le-haillan\/wp-content\/uploads\/sites\/2\/2021\/04\/ALH21_Couverture_web-page-interieur-1.jpg?id=5397) !important;background-position: center !important;background-repeat: no-repeat !important;background-size: cover !important;}\u00a0\u00bb][vc_column][vc_empty_space height=\u00a0\u00bb30px\u00a0\u00bb][vc_column_text css_animation=\u00a0\u00bbfadeInRight\u00a0\u00bb] presse [\/vc_column_text][vc_empty_space height=\u00a0\u00bb50px\u00a0\u00bb][\/vc_column][\/vc_row][vc_row row_content_width=\u00a0\u00bbgrid\u00a0\u00bb][vc_column width=\u00a0\u00bb1\/2&Prime;][vc_empty_space][vc_column_text] Vous \u00eates journaliste, photographe ou encore blogueur et souhaitez participer \u00e0 l\u2019\u00e9v\u00e9nement ? [\/vc_column_text][vc_column_text] Toute la tribu de LENNO vous [&hellip;]<\/p>\n","protected":false},"author":1,"featured_media":0,"parent":0,"menu_order":0,"comment_status":"closed","ping_status":"open","template":"full-width.php","meta":[],"_links":{"self":[{"href":"https:\/\/www.animasia.org\/le-haillan\/wp-json\/wp\/v2\/pages\/9"}],"collection":[{"href":"https:\/\/www.animasia.org\/le-haillan\/wp-json\/wp\/v2\/pages"}],"about":[{"href":"https:\/\/www.animasia.org\/le-haillan\/wp-json\/wp\/v2\/types\/page"}],"author":[{"embeddable":true,"href":"https:\/\/www.animasia.org\/le-haillan\/wp-json\/wp\/v2\/users\/1"}],"replies":[{"embeddable":true,"href":"https:\/\/www.animasia.org\/le-haillan\/wp-json\/wp\/v2\/comments?post=9"}],"version-history":[{"count":10,"href":"https:\/\/www.animasia.org\/le-haillan\/wp-json\/wp\/v2\/pages\/9\/revisions"}],"predecessor-version":[{"id":5701,"href":"https:\/\/www.animasia.org\/le-haillan\/wp-json\/wp\/v2\/pages\/9\/revisions\/5701"}],"wp:attachment":[{"href":"https:\/\/www.animasia.org\/le-haillan\/wp-json\/wp\/v2\/media?parent=9"}],"curies":[{"name":"wp","href":"https:\/\/api.w.org\/{rel}","templated":true}]}}